{"id":3,"date":"2022-03-05T15:05:36","date_gmt":"2022-03-05T15:05:36","guid":{"rendered":"https:\/\/got-cleaning.ro\/?page_id=3"},"modified":"2022-03-06T17:10:32","modified_gmt":"2022-03-06T15:10:32","slug":"","status":"publish","type":"page","link":"https:\/\/old.got-cleaning.ro\/en\/privacy-policy\/","title":{"rendered":"Privacy Policy","raw":"Privacy Policy"},"content":{"rendered":"\n<p>Last updated: 6 March 2022<\/p>\n\n\n\n<p>Got Cleaning (&#8220;us&#8221;, &#8220;we&#8221;, or &#8220;our&#8221;) operates the Got Cleaning website (the &#8220;Service&#8221;).<\/p>\n\n\n\n<p>This page informs you of our policies regarding the collection, use and disclosure of Personal Information when you use our Service.<\/p>\n\n\n\n<p>We will not use or share your information with anyone except as described in this Privacy Policy.<\/p>\n\n\n\n<p>We use your Personal Information for providing and improving the Service. By using the Service, you agree to the collection and use of information in accordance with this policy. Unless otherwise defined in this Privacy Policy, terms used in this Privacy Policy have the same meanings as in our Terms and Conditions, accessible at https:\/\/old.got-cleaning.ro<\/p>\n\n\n\n<h2 class=\"wp-block-heading\">Information Collection And Use<\/h2>\n\n\n\n<p>While using our Service, we may ask you to provide us with certain personally identifiable information that can be used to contact or identify you. Personally identifiable information (&#8220;Personal Information&#8221;) may include, but is not limited to:<\/p>\n\n\n\n<ul class=\"wp-block-list\"><li>Name<\/li><li>Email address<\/li><li>Telephone number<\/li><li>Address<\/li><\/ul>\n\n\n\n<h2 class=\"wp-block-heading\">Log Data<\/h2>\n\n\n\n<p>We collect information that your browser sends whenever you visit our Service (&#8220;Log Data&#8221;). This Log Data may include information such as your computer&#8217;s Internet Protocol (&#8220;IP&#8221;) address, browser type, browser version, the pages of our Service that you visit, the time and date of your visit, the time spent on those pages and other statistics.<\/p>\n\n\n\n<h2 class=\"wp-block-heading\">Cookies<\/h2>\n\n\n\n<p>Cookies are files with small amount of data, which may include an anonymous unique identifier. Cookies are sent to your browser from a web site and stored on your computer&#8217;s hard drive.<\/p>\n\n\n\n<p>We use &#8220;cookies&#8221; to collect information. You can instruct your browser to refuse all cookies or to indicate when a cookie is being sent. However, if you do not accept cookies, you may not be able to use some portions of our Service.<\/p>\n\n\n\n<h2 class=\"wp-block-heading\">Service Providers<\/h2>\n\n\n\n<p>We may employ third party companies and individuals to facilitate our Service, to provide the Service on our behalf, to perform Service-related services or to assist us in analyzing how our Service is used.<\/p>\n\n\n\n<p>These third parties have access to your Personal Information only to perform these tasks on our behalf and are obligated not to disclose or use it for any other purpose.<\/p>\n\n\n\n<h2 class=\"wp-block-heading\">Security<\/h2>\n\n\n\n<p>The security of your Personal Information is important to us, but remember that no method of transmission over the Internet, or method of electronic storage is 100% secure. While we strive to use commercially acceptable means to protect your Personal Information, we cannot guarantee its absolute security.<\/p>\n\n\n\n<h2 class=\"wp-block-heading\">Links To Other Sites<\/h2>\n\n\n\n<p>Our Service may contain links to other sites that are not operated by us. If you click on a third party link, you will be directed to that third party&#8217;s site. We strongly advise you to review the Privacy Policy of every site you visit.<\/p>\n\n\n\n<p>We have no control over, and assume no responsibility for the content, privacy policies or practices of any third party sites or services.<\/p>\n\n\n\n<h2 class=\"wp-block-heading\">Children&#8217;s Privacy<\/h2>\n\n\n\n<p>Our Service does not address anyone under the age of 18 (&#8220;Children&#8221;).<\/p>\n\n\n\n<p>We do not knowingly collect personally identifiable information from children under 18. If you are a parent or guardian and you are aware that your child has provided us with Personal Information, please contact us. If we discover that a child under 18 has provided us with Personal Information, we will delete such information from our servers immediately.<\/p>\n\n\n\n<h2 class=\"wp-block-heading\">Compliance With Laws<\/h2>\n\n\n\n<p>We will disclose your Personal Information where required to do so by law or subpoena.<\/p>\n\n\n\n<h2 class=\"wp-block-heading\">Changes To This Privacy Policy<\/h2>\n\n\n\n<p>We may update our Privacy Policy from time to time. We will notify you of any changes by posting the new Privacy Policy on this page.<\/p>\n\n\n\n<p>You are advised to review this Privacy Policy periodically for any changes. Changes to this Privacy Policy are effective when they are posted on this page.<\/p>\n\n\n\n<h2 class=\"wp-block-heading\">Contact Us<\/h2>\n\n\n\n<p>If you have any questions about this Privacy Policy, please contact us.<\/p>\n","protected":false,"raw":"<!-- wp:paragraph -->\n<p>Last updated: [wpautoterms last_updated_date]<\/p>\n<!-- \/wp:paragraph -->\n\n<!-- wp:paragraph -->\n<p>[wpautoterms company_name] (\"us\", \"we\", or \"our\") operates the [wpautoterms site_name] website (the \"Service\").<\/p>\n<!-- \/wp:paragraph -->\n\n<!-- wp:paragraph -->\n<p>This page informs you of our policies regarding the collection, use and disclosure of Personal Information when you use our Service.<\/p>\n<!-- \/wp:paragraph -->\n\n<!-- wp:paragraph -->\n<p>We will not use or share your information with anyone except as described in this Privacy Policy.<\/p>\n<!-- \/wp:paragraph -->\n\n<!-- wp:paragraph -->\n<p>We use your Personal Information for providing and improving the Service. By using the Service, you agree to the collection and use of information in accordance with this policy. Unless otherwise defined in this Privacy Policy, terms used in this Privacy Policy have the same meanings as in our Terms and Conditions, accessible at [wpautoterms site_url]<\/p>\n<!-- \/wp:paragraph -->\n\n<!-- wp:heading -->\n<h2>Information Collection And Use<\/h2>\n<!-- \/wp:heading -->\n\n<!-- wp:paragraph -->\n<p>While using our Service, we may ask you to provide us with certain personally identifiable information that can be used to contact or identify you. Personally identifiable information (\"Personal Information\") may include, but is not limited to:<\/p>\n<!-- \/wp:paragraph -->\n\n<!-- wp:list -->\n<ul><li>Name<\/li><li>Email address<\/li><li>Telephone number<\/li><li>Address<\/li><\/ul>\n<!-- \/wp:list -->\n\n<!-- wp:heading -->\n<h2>Log Data<\/h2>\n<!-- \/wp:heading -->\n\n<!-- wp:paragraph -->\n<p>We collect information that your browser sends whenever you visit our Service (\"Log Data\"). This Log Data may include information such as your computer's Internet Protocol (\"IP\") address, browser type, browser version, the pages of our Service that you visit, the time and date of your visit, the time spent on those pages and other statistics.<\/p>\n<!-- \/wp:paragraph -->\n\n<!-- wp:heading -->\n<h2>Cookies<\/h2>\n<!-- \/wp:heading -->\n\n<!-- wp:paragraph -->\n<p>Cookies are files with small amount of data, which may include an anonymous unique identifier. Cookies are sent to your browser from a web site and stored on your computer's hard drive.<\/p>\n<!-- \/wp:paragraph -->\n\n<!-- wp:paragraph -->\n<p>We use \"cookies\" to collect information. You can instruct your browser to refuse all cookies or to indicate when a cookie is being sent. However, if you do not accept cookies, you may not be able to use some portions of our Service.<\/p>\n<!-- \/wp:paragraph -->\n\n<!-- wp:heading -->\n<h2>Service Providers<\/h2>\n<!-- \/wp:heading -->\n\n<!-- wp:paragraph -->\n<p>We may employ third party companies and individuals to facilitate our Service, to provide the Service on our behalf, to perform Service-related services or to assist us in analyzing how our Service is used.<\/p>\n<!-- \/wp:paragraph -->\n\n<!-- wp:paragraph -->\n<p>These third parties have access to your Personal Information only to perform these tasks on our behalf and are obligated not to disclose or use it for any other purpose.<\/p>\n<!-- \/wp:paragraph -->\n\n<!-- wp:heading -->\n<h2>Security<\/h2>\n<!-- \/wp:heading -->\n\n<!-- wp:paragraph -->\n<p>The security of your Personal Information is important to us, but remember that no method of transmission over the Internet, or method of electronic storage is 100% secure. While we strive to use commercially acceptable means to protect your Personal Information, we cannot guarantee its absolute security.<\/p>\n<!-- \/wp:paragraph -->\n\n<!-- wp:heading -->\n<h2>Links To Other Sites<\/h2>\n<!-- \/wp:heading -->\n\n<!-- wp:paragraph -->\n<p>Our Service may contain links to other sites that are not operated by us. If you click on a third party link, you will be directed to that third party's site. We strongly advise you to review the Privacy Policy of every site you visit.<\/p>\n<!-- \/wp:paragraph -->\n\n<!-- wp:paragraph -->\n<p>We have no control over, and assume no responsibility for the content, privacy policies or practices of any third party sites or services.<\/p>\n<!-- \/wp:paragraph -->\n\n<!-- wp:heading -->\n<h2>Children's Privacy<\/h2>\n<!-- \/wp:heading -->\n\n<!-- wp:paragraph -->\n<p>Our Service does not address anyone under the age of 18 (\"Children\").<\/p>\n<!-- \/wp:paragraph -->\n\n<!-- wp:paragraph -->\n<p>We do not knowingly collect personally identifiable information from children under 18. If you are a parent or guardian and you are aware that your child has provided us with Personal Information, please contact us. If we discover that a child under 18 has provided us with Personal Information, we will delete such information from our servers immediately.<\/p>\n<!-- \/wp:paragraph -->\n\n<!-- wp:heading -->\n<h2>Compliance With Laws<\/h2>\n<!-- \/wp:heading -->\n\n<!-- wp:paragraph -->\n<p>We will disclose your Personal Information where required to do so by law or subpoena.<\/p>\n<!-- \/wp:paragraph -->\n\n<!-- wp:heading -->\n<h2>Changes To This Privacy Policy<\/h2>\n<!-- \/wp:heading -->\n\n<!-- wp:paragraph -->\n<p>We may update our Privacy Policy from time to time. We will notify you of any changes by posting the new Privacy Policy on this page.<\/p>\n<!-- \/wp:paragraph -->\n\n<!-- wp:paragraph -->\n<p>You are advised to review this Privacy Policy periodically for any changes. Changes to this Privacy Policy are effective when they are posted on this page.<\/p>\n<!-- \/wp:paragraph -->\n\n<!-- wp:heading -->\n<h2>Contact Us<\/h2>\n<!-- \/wp:heading -->\n\n<!-- wp:paragraph -->\n<p>If you have any questions about this Privacy Policy, please contact us.<\/p>\n<!-- \/wp:paragraph -->"},"excerpt":{"rendered":"","protected":false,"raw":""},"author":1,"featured_media":0,"parent":0,"menu_order":0,"comment_status":"closed","ping_status":"open","template":"","meta":{"_ro_post_content":"<!-- wp:paragraph -->\n<p>Ultima actualizare: [wpautoterms last_updated_date]<\/p>\n<!-- \/wp:paragraph -->\n\n<!-- wp:paragraph -->\n<p>[wpautoterms company_name] (\u201enoi\u201d, \u201enoi\u201d sau \u201enostru\u201d) opereaz\u0103 site-ul web [wpautoterms site_name] (\u201eServiciul\u201d).<\/p>\n<!-- \/wp:paragraph -->\n\n<!-- wp:paragraph -->\n<p>Aceast\u0103 pagin\u0103 v\u0103 informeaz\u0103 despre politicile noastre cu privire la colectarea, utilizarea \u0219i dezv\u0103luirea informa\u021biilor personale atunci c\u00e2nd utiliza\u021bi Serviciul nostru.<\/p>\n<!-- \/wp:paragraph -->\n\n<!-- wp:paragraph -->\n<p>Nu vom folosi \u0219i nu vom \u00eemp\u0103rt\u0103\u0219i informa\u021biile dvs. cu nimeni, cu excep\u021bia celor descrise \u00een aceast\u0103 Politic\u0103 de confiden\u021bialitate.<\/p>\n<!-- \/wp:paragraph -->\n\n<!-- wp:paragraph -->\n<p>Folosim informa\u021biile dumneavoastr\u0103 personale pentru furnizarea \u0219i \u00eembun\u0103t\u0103\u021birea Serviciului. Prin utilizarea Serviciului, sunte\u021bi de acord cu colectarea \u0219i utilizarea informa\u021biilor \u00een conformitate cu aceast\u0103 politic\u0103. Cu excep\u021bia cazului \u00een care este definit altfel \u00een aceast\u0103 Politic\u0103 de confiden\u021bialitate, termenii utiliza\u021bi \u00een aceast\u0103 Politic\u0103 de confiden\u021bialitate au acelea\u0219i semnifica\u021bii ca \u00een Termenii \u0219i condi\u021biile noastre, accesibile la [wpautoterms site_url]<\/p>\n<!-- \/wp:paragraph -->\n\n<!-- wp:heading -->\n<h2>Colectarea \u0219i utilizarea informa\u021biilor<\/h2>\n<!-- \/wp:heading -->\n\n<!-- wp:paragraph -->\n<p>\u00cen timpul utiliz\u0103rii Serviciului nostru, v\u0103 putem solicita s\u0103 ne furniza\u021bi anumite informa\u021bii de identificare personal\u0103 care pot fi folosite pentru a v\u0103 contacta sau a v\u0103 identifica. Informa\u021biile de identificare personal\u0103 (\u201eInforma\u021bii personale\u201d) pot include, dar nu se limiteaz\u0103 la:<\/p>\n<!-- \/wp:paragraph -->\n\n<!-- wp:list -->\n<ul><li>Nume<\/li><li>Adres\u0103 de e-mail<\/li><li>Num\u0103r de telefon<\/li><li>Adres\u0103<\/li><\/ul>\n<!-- \/wp:list -->\n\n<!-- wp:heading -->\n<h2>Datele de jurnal<\/h2>\n<!-- \/wp:heading -->\n\n<!-- wp:paragraph -->\n<p>Colect\u0103m informa\u021bii pe care browserul dumneavoastr\u0103 le trimite ori de c\u00e2te ori vizita\u021bi Serviciul nostru (\u201eDatele de jurnal\u201d). Aceste date de jurnal pot include informa\u021bii precum adresa de protocol de internet (\"IP\") a computerului dvs., tipul de browser, versiunea browserului, paginile Serviciului nostru pe care le vizita\u021bi, ora \u0219i data vizitei dvs., timpul petrecut pe acele pagini \u0219i alte statistici.<\/p>\n<!-- \/wp:paragraph -->\n\n<!-- wp:heading -->\n<h2>Cookie-uri<\/h2>\n<!-- \/wp:heading -->\n\n<!-- wp:paragraph -->\n<p>Cookie-urile sunt fi\u0219iere cu o cantitate mic\u0103 de date, care pot include un identificator unic anonim. Cookie-urile sunt trimise browserului dumneavoastr\u0103 de pe un site web \u0219i stocate pe hard disk-ul computerului dumneavoastr\u0103.<\/p>\n<!-- \/wp:paragraph -->\n\n<!-- wp:paragraph -->\n<p>Folosim \u201ecookie-uri\u201d pentru a colecta informa\u021bii. Pute\u021bi solicita browserului dumneavoastr\u0103 s\u0103 refuze toate cookie-urile sau s\u0103 indice c\u00e2nd este trimis un cookie. Cu toate acestea, dac\u0103 nu accepta\u021bi cookie-uri, este posibil s\u0103 nu pute\u021bi utiliza unele p\u0103r\u021bi ale Serviciului nostru.<\/p>\n<!-- \/wp:paragraph -->\n\n<!-- wp:heading -->\n<h2>Furnizori de servicii<\/h2>\n<!-- \/wp:heading -->\n\n<!-- wp:paragraph -->\n<p>Putem angaja companii \u0219i persoane ter\u021be pentru a facilita Serviciul nostru, pentru a furniza Serviciul \u00een numele nostru, pentru a presta servicii legate de Servicii sau pentru a ne ajuta s\u0103 analiz\u0103m modul \u00een care este utilizat Serviciul nostru.<\/p>\n<!-- \/wp:paragraph -->\n\n<!-- wp:paragraph -->\n<p>Aceste ter\u021be p\u0103r\u021bi au acces la informa\u021biile dumneavoastr\u0103 personale numai pentru a \u00eendeplini aceste sarcini \u00een numele nostru \u0219i sunt obligate s\u0103 nu le dezv\u0103luie sau s\u0103 le utilizeze \u00een niciun alt scop.<\/p>\n<!-- \/wp:paragraph -->\n\n<!-- wp:heading -->\n<h2>Securitate<\/h2>\n<!-- \/wp:heading -->\n\n<!-- wp:paragraph -->\n<p>Securitatea Informa\u021biilor dumneavoastr\u0103 personale este important\u0103 pentru noi, dar re\u021bine\u021bi c\u0103 nicio metod\u0103 de transmitere prin Internet sau nicio metod\u0103 de stocare electronic\u0103 nu este 100% sigur\u0103. De\u0219i ne str\u0103duim s\u0103 folosim mijloace acceptabile din punct de vedere comercial pentru a v\u0103 proteja informa\u021biile personale, nu putem garanta securitatea lor absolut\u0103.<\/p>\n<!-- \/wp:paragraph -->\n\n<!-- wp:heading -->\n<h2>Leg\u0103turi c\u0103tre alte site-uri<\/h2>\n<!-- \/wp:heading -->\n\n<!-- wp:paragraph -->\n<p>Serviciul nostru poate con\u021bine link-uri c\u0103tre alte site-uri care nu sunt operate de noi. Dac\u0103 face\u021bi clic pe un link al unei ter\u021be p\u0103r\u021bi, ve\u021bi fi direc\u021bionat c\u0103tre site-ul ter\u021bului respectiv. V\u0103 sf\u0103tuim insistent s\u0103 revizui\u021bi Politica de confiden\u021bialitate a fiec\u0103rui site pe care \u00eel vizita\u021bi.<\/p>\n<!-- \/wp:paragraph -->\n\n<!-- wp:paragraph -->\n<p>Nu avem control asupra \u0219i nu ne asum\u0103m nicio responsabilitate pentru con\u021binutul, politicile de confiden\u021bialitate sau practicile oric\u0103ror site-uri sau servicii ter\u021be.<\/p>\n<!-- \/wp:paragraph -->\n\n<!-- wp:heading -->\n<h2>Confiden\u021bialitatea copiilor<\/h2>\n<!-- \/wp:heading -->\n\n<!-- wp:paragraph -->\n<p>Serviciul nostru nu se adreseaz\u0103 nim\u0103nui cu v\u00e2rsta sub 18 ani (\"Copii\").<\/p>\n<!-- \/wp:paragraph -->\n\n<!-- wp:paragraph -->\n<p>Nu colect\u0103m cu bun\u0103 \u0219tiin\u021b\u0103 informa\u021bii de identificare personal\u0103 de la copiii sub 18 ani. Dac\u0103 sunte\u021bi p\u0103rinte sau tutore \u0219i \u0219ti\u021bi c\u0103 copilul dumneavoastr\u0103 ne-a furnizat informa\u021bii personale, v\u0103 rug\u0103m s\u0103 ne contacta\u021bi. Dac\u0103 descoperim c\u0103 un copil sub 18 ani ne-a furnizat informa\u021bii personale, vom \u0219terge imediat aceste informa\u021bii de pe serverele noastre.<\/p>\n<!-- \/wp:paragraph -->\n\n<!-- wp:heading -->\n<h2>Respectarea legilor<\/h2>\n<!-- \/wp:heading -->\n\n<!-- wp:paragraph -->\n<p>Vom dezv\u0103lui informa\u021biile dumneavoastr\u0103 personale acolo unde este necesar s\u0103 facem acest lucru prin lege sau cita\u021bie.<\/p>\n<!-- \/wp:paragraph -->\n\n<!-- wp:heading -->\n<h2>Modific\u0103ri ale acestei politici de confiden\u021bialitate<\/h2>\n<!-- \/wp:heading -->\n\n<!-- wp:paragraph -->\n<p>Putem actualiza Politica noastr\u0103 de confiden\u021bialitate din c\u00e2nd \u00een c\u00e2nd. V\u0103 vom anun\u021ba cu privire la orice modificare prin publicarea noii Politici de confiden\u021bialitate pe aceast\u0103 pagin\u0103.<\/p>\n<!-- \/wp:paragraph -->\n\n<!-- wp:paragraph -->\n<p>Sunte\u021bi sf\u0103tuit s\u0103 revizui\u021bi periodic aceast\u0103 Politic\u0103 de confiden\u021bialitate pentru orice modific\u0103ri. Modific\u0103rile aduse acestei Politici de confiden\u021bialitate sunt efective atunci c\u00e2nd sunt postate pe aceast\u0103 pagin\u0103.<\/p>\n<!-- \/wp:paragraph -->\n\n<!-- wp:heading -->\n<h2>Contacta\u021bi-ne<\/h2>\n<!-- \/wp:heading -->\n\n<!-- wp:paragraph -->\n<p>Dac\u0103 ave\u021bi \u00eentreb\u0103ri despre aceast\u0103 Politic\u0103 de confiden\u021bialitate, v\u0103 rug\u0103m s\u0103 ne contacta\u021bi.<\/p>\n<!-- \/wp:paragraph -->","_ro_post_name":"privacy-policy","_ro_post_excerpt":"","_ro_post_title":"Politic\u0103 de confiden\u021bialitate","_en_post_content":"<!-- wp:paragraph -->\n<p>Last updated: [wpautoterms last_updated_date]<\/p>\n<!-- \/wp:paragraph -->\n\n<!-- wp:paragraph -->\n<p>[wpautoterms company_name] (\"us\", \"we\", or \"our\") operates the [wpautoterms site_name] website (the \"Service\").<\/p>\n<!-- \/wp:paragraph -->\n\n<!-- wp:paragraph -->\n<p>This page informs you of our policies regarding the collection, use and disclosure of Personal Information when you use our Service.<\/p>\n<!-- \/wp:paragraph -->\n\n<!-- wp:paragraph -->\n<p>We will not use or share your information with anyone except as described in this Privacy Policy.<\/p>\n<!-- \/wp:paragraph -->\n\n<!-- wp:paragraph -->\n<p>We use your Personal Information for providing and improving the Service. By using the Service, you agree to the collection and use of information in accordance with this policy. Unless otherwise defined in this Privacy Policy, terms used in this Privacy Policy have the same meanings as in our Terms and Conditions, accessible at [wpautoterms site_url]<\/p>\n<!-- \/wp:paragraph -->\n\n<!-- wp:heading -->\n<h2>Information Collection And Use<\/h2>\n<!-- \/wp:heading -->\n\n<!-- wp:paragraph -->\n<p>While using our Service, we may ask you to provide us with certain personally identifiable information that can be used to contact or identify you. Personally identifiable information (\"Personal Information\") may include, but is not limited to:<\/p>\n<!-- \/wp:paragraph -->\n\n<!-- wp:list -->\n<ul><li>Name<\/li><li>Email address<\/li><li>Telephone number<\/li><li>Address<\/li><\/ul>\n<!-- \/wp:list -->\n\n<!-- wp:heading -->\n<h2>Log Data<\/h2>\n<!-- \/wp:heading -->\n\n<!-- wp:paragraph -->\n<p>We collect information that your browser sends whenever you visit our Service (\"Log Data\"). This Log Data may include information such as your computer's Internet Protocol (\"IP\") address, browser type, browser version, the pages of our Service that you visit, the time and date of your visit, the time spent on those pages and other statistics.<\/p>\n<!-- \/wp:paragraph -->\n\n<!-- wp:heading -->\n<h2>Cookies<\/h2>\n<!-- \/wp:heading -->\n\n<!-- wp:paragraph -->\n<p>Cookies are files with small amount of data, which may include an anonymous unique identifier. Cookies are sent to your browser from a web site and stored on your computer's hard drive.<\/p>\n<!-- \/wp:paragraph -->\n\n<!-- wp:paragraph -->\n<p>We use \"cookies\" to collect information. You can instruct your browser to refuse all cookies or to indicate when a cookie is being sent. However, if you do not accept cookies, you may not be able to use some portions of our Service.<\/p>\n<!-- \/wp:paragraph -->\n\n<!-- wp:heading -->\n<h2>Service Providers<\/h2>\n<!-- \/wp:heading -->\n\n<!-- wp:paragraph -->\n<p>We may employ third party companies and individuals to facilitate our Service, to provide the Service on our behalf, to perform Service-related services or to assist us in analyzing how our Service is used.<\/p>\n<!-- \/wp:paragraph -->\n\n<!-- wp:paragraph -->\n<p>These third parties have access to your Personal Information only to perform these tasks on our behalf and are obligated not to disclose or use it for any other purpose.<\/p>\n<!-- \/wp:paragraph -->\n\n<!-- wp:heading -->\n<h2>Security<\/h2>\n<!-- \/wp:heading -->\n\n<!-- wp:paragraph -->\n<p>The security of your Personal Information is important to us, but remember that no method of transmission over the Internet, or method of electronic storage is 100% secure. While we strive to use commercially acceptable means to protect your Personal Information, we cannot guarantee its absolute security.<\/p>\n<!-- \/wp:paragraph -->\n\n<!-- wp:heading -->\n<h2>Links To Other Sites<\/h2>\n<!-- \/wp:heading -->\n\n<!-- wp:paragraph -->\n<p>Our Service may contain links to other sites that are not operated by us. If you click on a third party link, you will be directed to that third party's site. We strongly advise you to review the Privacy Policy of every site you visit.<\/p>\n<!-- \/wp:paragraph -->\n\n<!-- wp:paragraph -->\n<p>We have no control over, and assume no responsibility for the content, privacy policies or practices of any third party sites or services.<\/p>\n<!-- \/wp:paragraph -->\n\n<!-- wp:heading -->\n<h2>Children's Privacy<\/h2>\n<!-- \/wp:heading -->\n\n<!-- wp:paragraph -->\n<p>Our Service does not address anyone under the age of 18 (\"Children\").<\/p>\n<!-- \/wp:paragraph -->\n\n<!-- wp:paragraph -->\n<p>We do not knowingly collect personally identifiable information from children under 18. If you are a parent or guardian and you are aware that your child has provided us with Personal Information, please contact us. If we discover that a child under 18 has provided us with Personal Information, we will delete such information from our servers immediately.<\/p>\n<!-- \/wp:paragraph -->\n\n<!-- wp:heading -->\n<h2>Compliance With Laws<\/h2>\n<!-- \/wp:heading -->\n\n<!-- wp:paragraph -->\n<p>We will disclose your Personal Information where required to do so by law or subpoena.<\/p>\n<!-- \/wp:paragraph -->\n\n<!-- wp:heading -->\n<h2>Changes To This Privacy Policy<\/h2>\n<!-- \/wp:heading -->\n\n<!-- wp:paragraph -->\n<p>We may update our Privacy Policy from time to time. We will notify you of any changes by posting the new Privacy Policy on this page.<\/p>\n<!-- \/wp:paragraph -->\n\n<!-- wp:paragraph -->\n<p>You are advised to review this Privacy Policy periodically for any changes. Changes to this Privacy Policy are effective when they are posted on this page.<\/p>\n<!-- \/wp:paragraph -->\n\n<!-- wp:heading -->\n<h2>Contact Us<\/h2>\n<!-- \/wp:heading -->\n\n<!-- wp:paragraph -->\n<p>If you have any questions about this Privacy Policy, please contact us.<\/p>\n<!-- \/wp:paragraph -->","_en_post_name":"","_en_post_excerpt":"","_en_post_title":"Privacy Policy","edit_language":"en","footnotes":""},"class_list":["post-3","page","type-page","status-publish","hentry"],"jetpack_sharing_enabled":true,"_links":{"self":[{"href":"https:\/\/old.got-cleaning.ro\/en\/wp-json\/wp\/v2\/pages\/3","targetHints":{"allow":["GET"]}}],"collection":[{"href":"https:\/\/old.got-cleaning.ro\/en\/wp-json\/wp\/v2\/pages"}],"about":[{"href":"https:\/\/old.got-cleaning.ro\/en\/wp-json\/wp\/v2\/types\/page"}],"author":[{"embeddable":true,"href":"https:\/\/old.got-cleaning.ro\/en\/wp-json\/wp\/v2\/users\/1"}],"replies":[{"embeddable":true,"href":"https:\/\/old.got-cleaning.ro\/en\/wp-json\/wp\/v2\/comments?post=3"}],"version-history":[{"count":8,"href":"https:\/\/old.got-cleaning.ro\/en\/wp-json\/wp\/v2\/pages\/3\/revisions"}],"predecessor-version":[{"id":115,"href":"https:\/\/old.got-cleaning.ro\/en\/wp-json\/wp\/v2\/pages\/3\/revisions\/115"}],"wp:attachment":[{"href":"https:\/\/old.got-cleaning.ro\/en\/wp-json\/wp\/v2\/media?parent=3"}],"curies":[{"name":"wp","href":"https:\/\/api.w.org\/{rel}","templated":true}]}}