{"id":14,"date":"2022-03-05T16:00:56","date_gmt":"2022-03-05T16:00:56","guid":{"rendered":"https:\/\/got-cleaning.ro\/?page_id=14"},"modified":"2022-03-22T21:33:38","modified_gmt":"2022-03-22T19:33:38","slug":"","status":"publish","type":"page","link":"https:\/\/old.got-cleaning.ro\/en\/contact\/","title":{"rendered":"Contact","raw":"Contact"},"content":{"rendered":"\n<div class=\"wp-block-columns is-layout-flex wp-container-core-columns-is-layout-9d6595d7 wp-block-columns-is-layout-flex\">\n<div class=\"wp-block-column is-layout-flow wp-block-column-is-layout-flow\">\n<p class=\"has-text-align-left\" id=\"tw-target-text\" style=\"font-style:normal;font-weight:400\"><strong>Work program<\/strong><\/p>\n\n\n\n<div style=\"height:28px\" aria-hidden=\"true\" class=\"wp-block-spacer\"><\/div>\n\n\n<dl class=\"jetpack-business-hours wp-block-jetpack-business-hours\"><div class=\"jetpack-business-hours__item\"><dt class=\"Mon\">Monday<\/dt><dd class=\"Mon\">8:00 &#8211; 21:00<\/dd><\/div><div class=\"jetpack-business-hours__item\"><dt class=\"Tue\">Tuesday<\/dt><dd class=\"Tue\">8:00 &#8211; 21:00<\/dd><\/div><div class=\"jetpack-business-hours__item\"><dt class=\"Wed\">Wednesday<\/dt><dd class=\"Wed\">8:00 &#8211; 21:00<\/dd><\/div><div class=\"jetpack-business-hours__item\"><dt class=\"Thu\">Thursday<\/dt><dd class=\"Thu\">8:00 &#8211; 21:00<\/dd><\/div><div class=\"jetpack-business-hours__item\"><dt class=\"Fri\">Friday<\/dt><dd class=\"Fri\">8:00 &#8211; 21:00<\/dd><\/div><div class=\"jetpack-business-hours__item\"><dt class=\"Sat\">Saturday<\/dt><dd class=\"Sat\">Closed<\/dd><\/div><div class=\"jetpack-business-hours__item\"><dt class=\"Sun\">Sunday<\/dt><dd class=\"Sun\">Closed<\/dd><\/div><\/dl>\n\n\n<div class=\"wp-block-jetpack-send-a-message\"><\/div>\n\n\n\n<div style=\"height:47px\" aria-hidden=\"true\" class=\"wp-block-spacer\"><\/div>\n<\/div>\n\n\n\n<div class=\"wp-block-column is-layout-flow wp-block-column-is-layout-flow\"><div class=\"wp-block-jetpack-contact-form\"><a href=\"https:\/\/old.got-cleaning.ro\/en\/contact\/\" target=\"_blank\" rel=\"noopener noreferrer\">Submit a form.<\/a><\/div><\/div>\n<\/div>\n\n\n\n<div class=\"wp-block-jetpack-send-a-message\"><\/div>\n\n\n\n<div class=\"wp-block-columns is-layout-flex wp-container-core-columns-is-layout-9d6595d7 wp-block-columns-is-layout-flex\">\n<div class=\"wp-block-column is-layout-flow wp-block-column-is-layout-flow\"><\/div>\n\n\n\n<div class=\"wp-block-column is-layout-flow wp-block-column-is-layout-flow\">\n<div class=\"wp-block-jetpack-send-a-message\">\n<div class=\"wp-block-jetpack-whatsapp-button is-color-dark\"><a class=\"whatsapp-block__button\" href=\"https:\/\/api.whatsapp.com\/send?phone=40772054986&amp;text=Hi%2C%20I%20found%20your%20WhatsApp%20information%20on%20your%20website.\" style=\"background-color:#25D366;color:#fff\" target=\"_self\" rel=\"noopener noreferrer\">WhatsApp discussion<\/a><\/div>\n<\/div>\n<\/div>\n<\/div>\n\n\n\n<p><\/p>\n","protected":false,"raw":"<!-- wp:columns -->\n<div class=\"wp-block-columns\"><!-- wp:column -->\n<div class=\"wp-block-column\"><!-- wp:paragraph {\"align\":\"left\",\"style\":{\"typography\":{\"fontStyle\":\"normal\",\"fontWeight\":\"400\"}}} -->\n<p class=\"has-text-align-left\" id=\"tw-target-text\" style=\"font-style:normal;font-weight:400\"><strong>Work program<\/strong><\/p>\n<!-- \/wp:paragraph -->\n\n<!-- wp:spacer {\"height\":\"28px\"} -->\n<div style=\"height:28px\" aria-hidden=\"true\" class=\"wp-block-spacer\"><\/div>\n<!-- \/wp:spacer -->\n\n<!-- wp:jetpack\/business-hours {\"days\":[{\"name\":\"Sun\",\"hours\":[]},{\"name\":\"Mon\",\"hours\":[{\"opening\":\"08:00\",\"closing\":\"21:00\"}]},{\"name\":\"Tue\",\"hours\":[{\"opening\":\"08:00\",\"closing\":\"21:00\"}]},{\"name\":\"Wed\",\"hours\":[{\"opening\":\"08:00\",\"closing\":\"21:00\"}]},{\"name\":\"Thu\",\"hours\":[{\"opening\":\"08:00\",\"closing\":\"21:00\"}]},{\"name\":\"Fri\",\"hours\":[{\"opening\":\"08:00\",\"closing\":\"21:00\"}]},{\"name\":\"Sat\",\"hours\":[]}]} \/-->\n\n<!-- wp:jetpack\/send-a-message -->\n<div class=\"wp-block-jetpack-send-a-message\"><\/div>\n<!-- \/wp:jetpack\/send-a-message -->\n\n<!-- wp:spacer {\"height\":\"47px\"} -->\n<div style=\"height:47px\" aria-hidden=\"true\" class=\"wp-block-spacer\"><\/div>\n<!-- \/wp:spacer --><\/div>\n<!-- \/wp:column -->\n\n<!-- wp:column -->\n<div class=\"wp-block-column\"><!-- wp:jetpack\/contact-form {\"subject\":\"A fost f\u0103cut\u0103 o programare nou\u0103 de pe site-ul t\u0103u web\",\"to\":\"gabriel@got-cleaning.ro\"} -->\n<div class=\"wp-block-jetpack-contact-form\"><!-- wp:jetpack\/field-name {\"label\":\"Name\",\"required\":true} \/-->\n\n<!-- wp:jetpack\/field-text {\"label\":\"Address\",\"required\":true} \/-->\n\n<!-- wp:jetpack\/field-email {\"required\":true} \/-->\n\n<!-- wp:jetpack\/field-telephone {\"label\":\"Phone Number\",\"required\":true} \/-->\n\n<!-- wp:jetpack\/field-date {\"label\":\"Date\",\"required\":true} \/-->\n\n<!-- wp:jetpack\/field-select {\"label\":\"Time\",\"required\":true,\"options\":[\"08:00\",\"11:00\",\"13:00\",\"15:00\",\"18:00\",\"21:00\"]} \/-->\n\n<!-- wp:paragraph {\"style\":{\"typography\":{\"fontStyle\":\"normal\",\"fontWeight\":\"100\"}},\"fontSize\":\"small\"} -->\n<p class=\"has-small-font-size\" style=\"font-style:normal;font-weight:100\"><em>Attention, the confirmation of the selected day and time is done by email or phone!<\/em><\/p>\n<!-- \/wp:paragraph -->\n\n<!-- wp:jetpack\/field-textarea {\"label\":\"Note\"} \/-->\n\n<!-- wp:jetpack\/field-consent {\"implicitConsentMessage\":\"If you send us the information, you give us permission to send you emails. You can unsubscribe at any time.\"} \/-->\n\n<!-- wp:jetpack\/button {\"element\":\"button\",\"text\":\"Make an appointment\"} \/--><\/div>\n<!-- \/wp:jetpack\/contact-form --><\/div>\n<!-- \/wp:column --><\/div>\n<!-- \/wp:columns -->\n\n<!-- wp:jetpack\/send-a-message -->\n<div class=\"wp-block-jetpack-send-a-message\"><\/div>\n<!-- \/wp:jetpack\/send-a-message -->\n\n<!-- wp:columns -->\n<div class=\"wp-block-columns\"><!-- wp:column -->\n<div class=\"wp-block-column\"><\/div>\n<!-- \/wp:column -->\n\n<!-- wp:column -->\n<div class=\"wp-block-column\"><!-- wp:jetpack\/send-a-message -->\n<div class=\"wp-block-jetpack-send-a-message\"><!-- wp:jetpack\/whatsapp-button {\"countryCode\":\"40RO\",\"phoneNumber\":\"772054986\",\"firstMessage\":\"Hi, I found your WhatsApp information on your website.\"} -->\n<div class=\"wp-block-jetpack-whatsapp-button is-color-dark\"><a class=\"whatsapp-block__button\" href=\"https:\/\/api.whatsapp.com\/send?phone=40772054986&amp;text=Hi%2C%20I%20found%20your%20WhatsApp%20information%20on%20your%20website.\" style=\"background-color:#25D366;color:#fff\" target=\"_self\" rel=\"noopener noreferrer\">WhatsApp discussion<\/a><\/div>\n<!-- \/wp:jetpack\/whatsapp-button --><\/div>\n<!-- \/wp:jetpack\/send-a-message --><\/div>\n<!-- \/wp:column --><\/div>\n<!-- \/wp:columns -->\n\n<!-- wp:paragraph -->\n<p><\/p>\n<!-- \/wp:paragraph -->"},"excerpt":{"rendered":"","protected":false,"raw":""},"author":1,"featured_media":0,"parent":0,"menu_order":0,"comment_status":"closed","ping_status":"closed","template":"","meta":{"_ro_post_content":"<!-- wp:columns -->\n<div class=\"wp-block-columns\"><!-- wp:column {\"verticalAlignment\":\"top\"} -->\n<div class=\"wp-block-column is-vertically-aligned-top\"><!-- wp:paragraph -->\n<p><strong>Program de lucru<\/strong><\/p>\n<!-- \/wp:paragraph -->\n\n<!-- wp:spacer {\"height\":\"19px\"} -->\n<div style=\"height:19px\" aria-hidden=\"true\" class=\"wp-block-spacer\"><\/div>\n<!-- \/wp:spacer -->\n\n<!-- wp:jetpack\/business-hours {\"days\":[{\"name\":\"Sun\",\"hours\":[]},{\"name\":\"Mon\",\"hours\":[{\"opening\":\"08:00\",\"closing\":\"21:00\"}]},{\"name\":\"Tue\",\"hours\":[{\"opening\":\"08:00\",\"closing\":\"21:00\"}]},{\"name\":\"Wed\",\"hours\":[{\"opening\":\"08:00\",\"closing\":\"21:00\"}]},{\"name\":\"Thu\",\"hours\":[{\"opening\":\"08:00\",\"closing\":\"21:00\"}]},{\"name\":\"Fri\",\"hours\":[{\"opening\":\"08:00\",\"closing\":\"21:00\"}]},{\"name\":\"Sat\",\"hours\":[]}],\"align\":\"wide\"} \/-->\n\n<!-- wp:jetpack\/send-a-message -->\n<div class=\"wp-block-jetpack-send-a-message\"><\/div>\n<!-- \/wp:jetpack\/send-a-message --><\/div>\n<!-- \/wp:column -->\n\n<!-- wp:column -->\n<div class=\"wp-block-column\"><!-- wp:jetpack\/contact-form {\"subject\":\"A fost f\u0103cut\u0103 o programare nou\u0103 de pe site-ul t\u0103u web\",\"to\":\"gabriel@got-cleaning.ro,robert.gottlieb@got-cleaning.ro,alisa.gottlieb@got-cleaning.ro\"} -->\n<div class=\"wp-block-jetpack-contact-form\"><!-- wp:jetpack\/field-name {\"required\":true} \/-->\n\n<!-- wp:jetpack\/field-text {\"label\":\"Adres\u0103\",\"required\":true} \/-->\n\n<!-- wp:jetpack\/field-email {\"required\":true} \/-->\n\n<!-- wp:jetpack\/field-telephone {\"required\":true} \/-->\n\n<!-- wp:jetpack\/field-date {\"label\":\"Dat\u0103\",\"required\":true} \/-->\n\n<!-- wp:jetpack\/field-select {\"label\":\"Or\u0103\",\"required\":true,\"options\":[\"08:00\",\"11:00\",\"13:00\",\"15:00\",\"18:00\",\"21:00\"]} \/-->\n\n<!-- wp:paragraph {\"style\":{\"typography\":{\"fontStyle\":\"normal\",\"fontWeight\":\"100\"}},\"textColor\":\"secondary\",\"fontSize\":\"small\"} -->\n<p class=\"has-secondary-color has-text-color has-small-font-size\" style=\"font-style:normal;font-weight:100\">*<em>Atentie, confimarea zilei si a orei selectate se face prin mail sau telefon!<\/em><\/p>\n<!-- \/wp:paragraph -->\n\n<!-- wp:spacer {\"height\":\"34px\",\"className\":\"color: black\"} -->\n<div style=\"height:34px\" aria-hidden=\"true\" class=\"wp-block-spacer color: black\"><\/div>\n<!-- \/wp:spacer -->\n\n<!-- wp:jetpack\/field-textarea {\"label\":\"Note\",\"required\":true} \/-->\n\n<!-- wp:jetpack\/field-consent \/-->\n\n<!-- wp:jetpack\/button {\"element\":\"button\",\"text\":\"F\u0103 o programare\"} \/--><\/div>\n<!-- \/wp:jetpack\/contact-form --><\/div>\n<!-- \/wp:column --><\/div>\n<!-- \/wp:columns -->\n\n<!-- wp:columns -->\n<div class=\"wp-block-columns\"><!-- wp:column -->\n<div class=\"wp-block-column\"><\/div>\n<!-- \/wp:column -->\n\n<!-- wp:column -->\n<div class=\"wp-block-column\"><!-- wp:jetpack\/send-a-message -->\n<div class=\"wp-block-jetpack-send-a-message\"><!-- wp:jetpack\/whatsapp-button {\"countryCode\":\"40RO\",\"phoneNumber\":\"772054986\"} -->\n<div class=\"wp-block-jetpack-whatsapp-button is-color-dark\"><a class=\"whatsapp-block__button\" href=\"https:\/\/api.whatsapp.com\/send?phone=40772054986&amp;text=Bun%C4%83%2C%20am%20g%C4%83sit%20informa%C8%9Biile%20tale%20WhatsApp%20pe%20site-ul%20t%C4%83u%20web.\" style=\"background-color:#25D366;color:#fff\" target=\"_self\" rel=\"noopener noreferrer\">Discu\u021bii pe WhatsApp<\/a><\/div>\n<!-- \/wp:jetpack\/whatsapp-button --><\/div>\n<!-- \/wp:jetpack\/send-a-message --><\/div>\n<!-- \/wp:column --><\/div>\n<!-- \/wp:columns -->\n\n<!-- wp:paragraph -->\n<p><\/p>\n<!-- \/wp:paragraph -->","_ro_post_name":"contact","_ro_post_excerpt":"","_ro_post_title":"Contact","_en_post_content":"<!-- wp:columns -->\n<div class=\"wp-block-columns\"><!-- wp:column -->\n<div class=\"wp-block-column\"><!-- wp:paragraph {\"align\":\"left\",\"style\":{\"typography\":{\"fontStyle\":\"normal\",\"fontWeight\":\"400\"}}} -->\n<p class=\"has-text-align-left\" id=\"tw-target-text\" style=\"font-style:normal;font-weight:400\"><strong>Work program<\/strong><\/p>\n<!-- \/wp:paragraph -->\n\n<!-- wp:spacer {\"height\":\"28px\"} -->\n<div style=\"height:28px\" aria-hidden=\"true\" class=\"wp-block-spacer\"><\/div>\n<!-- \/wp:spacer -->\n\n<!-- wp:jetpack\/business-hours {\"days\":[{\"name\":\"Sun\",\"hours\":[]},{\"name\":\"Mon\",\"hours\":[{\"opening\":\"08:00\",\"closing\":\"21:00\"}]},{\"name\":\"Tue\",\"hours\":[{\"opening\":\"08:00\",\"closing\":\"21:00\"}]},{\"name\":\"Wed\",\"hours\":[{\"opening\":\"08:00\",\"closing\":\"21:00\"}]},{\"name\":\"Thu\",\"hours\":[{\"opening\":\"08:00\",\"closing\":\"21:00\"}]},{\"name\":\"Fri\",\"hours\":[{\"opening\":\"08:00\",\"closing\":\"21:00\"}]},{\"name\":\"Sat\",\"hours\":[]}]} \/-->\n\n<!-- wp:jetpack\/send-a-message -->\n<div class=\"wp-block-jetpack-send-a-message\"><\/div>\n<!-- \/wp:jetpack\/send-a-message -->\n\n<!-- wp:spacer {\"height\":\"47px\"} -->\n<div style=\"height:47px\" aria-hidden=\"true\" class=\"wp-block-spacer\"><\/div>\n<!-- \/wp:spacer --><\/div>\n<!-- \/wp:column -->\n\n<!-- wp:column -->\n<div class=\"wp-block-column\"><!-- wp:jetpack\/contact-form {\"subject\":\"A fost f\u0103cut\u0103 o programare nou\u0103 de pe site-ul t\u0103u web\",\"to\":\"gabriel@got-cleaning.ro\"} -->\n<div class=\"wp-block-jetpack-contact-form\"><!-- wp:jetpack\/field-name {\"label\":\"Name\",\"required\":true} \/-->\n\n<!-- wp:jetpack\/field-text {\"label\":\"Address\",\"required\":true} \/-->\n\n<!-- wp:jetpack\/field-email {\"required\":true} \/-->\n\n<!-- wp:jetpack\/field-telephone {\"label\":\"Phone Number\",\"required\":true} \/-->\n\n<!-- wp:jetpack\/field-date {\"label\":\"Date\",\"required\":true} \/-->\n\n<!-- wp:jetpack\/field-select {\"label\":\"Time\",\"required\":true,\"options\":[\"08:00\",\"11:00\",\"13:00\",\"15:00\",\"18:00\",\"21:00\"]} \/-->\n\n<!-- wp:paragraph {\"style\":{\"typography\":{\"fontStyle\":\"normal\",\"fontWeight\":\"100\"}},\"fontSize\":\"small\"} -->\n<p class=\"has-small-font-size\" style=\"font-style:normal;font-weight:100\"><em>Attention, the confirmation of the selected day and time is done by email or phone!<\/em><\/p>\n<!-- \/wp:paragraph -->\n\n<!-- wp:jetpack\/field-textarea {\"label\":\"Note\"} \/-->\n\n<!-- wp:jetpack\/field-consent {\"implicitConsentMessage\":\"If you send us the information, you give us permission to send you emails. You can unsubscribe at any time.\"} \/-->\n\n<!-- wp:jetpack\/button {\"element\":\"button\",\"text\":\"Make an appointment\"} \/--><\/div>\n<!-- \/wp:jetpack\/contact-form --><\/div>\n<!-- \/wp:column --><\/div>\n<!-- \/wp:columns -->\n\n<!-- wp:jetpack\/send-a-message -->\n<div class=\"wp-block-jetpack-send-a-message\"><\/div>\n<!-- \/wp:jetpack\/send-a-message -->\n\n<!-- wp:columns -->\n<div class=\"wp-block-columns\"><!-- wp:column -->\n<div class=\"wp-block-column\"><\/div>\n<!-- \/wp:column -->\n\n<!-- wp:column -->\n<div class=\"wp-block-column\"><!-- wp:jetpack\/send-a-message -->\n<div class=\"wp-block-jetpack-send-a-message\"><!-- wp:jetpack\/whatsapp-button {\"countryCode\":\"40RO\",\"phoneNumber\":\"772054986\",\"firstMessage\":\"Hi, I found your WhatsApp information on your website.\"} -->\n<div class=\"wp-block-jetpack-whatsapp-button is-color-dark\"><a class=\"whatsapp-block__button\" href=\"https:\/\/api.whatsapp.com\/send?phone=40772054986&amp;text=Hi%2C%20I%20found%20your%20WhatsApp%20information%20on%20your%20website.\" style=\"background-color:#25D366;color:#fff\" target=\"_self\" rel=\"noopener noreferrer\">WhatsApp discussion<\/a><\/div>\n<!-- \/wp:jetpack\/whatsapp-button --><\/div>\n<!-- \/wp:jetpack\/send-a-message --><\/div>\n<!-- \/wp:column --><\/div>\n<!-- \/wp:columns -->\n\n<!-- wp:paragraph -->\n<p><\/p>\n<!-- \/wp:paragraph -->","_en_post_name":"","_en_post_excerpt":"","_en_post_title":"Contact","edit_language":"en","footnotes":""},"class_list":["post-14","page","type-page","status-publish","hentry"],"jetpack_sharing_enabled":true,"_links":{"self":[{"href":"https:\/\/old.got-cleaning.ro\/en\/wp-json\/wp\/v2\/pages\/14","targetHints":{"allow":["GET"]}}],"collection":[{"href":"https:\/\/old.got-cleaning.ro\/en\/wp-json\/wp\/v2\/pages"}],"about":[{"href":"https:\/\/old.got-cleaning.ro\/en\/wp-json\/wp\/v2\/types\/page"}],"author":[{"embeddable":true,"href":"https:\/\/old.got-cleaning.ro\/en\/wp-json\/wp\/v2\/users\/1"}],"replies":[{"embeddable":true,"href":"https:\/\/old.got-cleaning.ro\/en\/wp-json\/wp\/v2\/comments?post=14"}],"version-history":[{"count":45,"href":"https:\/\/old.got-cleaning.ro\/en\/wp-json\/wp\/v2\/pages\/14\/revisions"}],"predecessor-version":[{"id":649,"href":"https:\/\/old.got-cleaning.ro\/en\/wp-json\/wp\/v2\/pages\/14\/revisions\/649"}],"wp:attachment":[{"href":"https:\/\/old.got-cleaning.ro\/en\/wp-json\/wp\/v2\/media?parent=14"}],"curies":[{"name":"wp","href":"https:\/\/api.w.org\/{rel}","templated":true}]}}